{"id":11,"date":"2024-04-27T14:44:03","date_gmt":"2024-04-27T14:44:03","guid":{"rendered":"https:\/\/sombert.de\/?page_id=11"},"modified":"2026-02-07T15:17:03","modified_gmt":"2026-02-07T15:17:03","slug":"kulturmanagement-veranstaltungsmanagement","status":"publish","type":"page","link":"https:\/\/sombert.de\/?page_id=11","title":{"rendered":"Kultur-und Veranstaltungsmanagement"},"content":{"rendered":"\n<p><\/p>\n\n\n\n<p>2015 &#8211; 2026 WWS Strube GmbH Dienstleistung in Kultureinrichtungen<\/p>\n\n\n\n<p>2022 &#8211; 2025 Sprecher Sparte Musik BIS Zentrum f\u00fcr offene Kulturarbeit e.V.<\/p>\n\n\n\n<p>2014 &#8211; 2026 Veranstaltungsbetreuung BIS Zentrum f\u00fcr offene Kulturarbeit e.V<\/p>\n\n\n\n<p>2021 &#8211; 2022 Studium Kulturmanagement Off-Theater Neuss<\/p>\n\n\n\n<p>1994 &#8211; 2007 Citymovement M\u00f6nchengladbach<\/p>\n\n\n\n<p>2003 &#8211; 2007 MusicCommunity Niederrhein<\/p>\n\n\n\n<p>1993 -1999 Gr\u00fcndungsmitglied Rockb\u00fcro M\u00f6nchengladbach e.V.<\/p>\n\n\n\n<p>1988 &#8211; 1990 Musikerinitiative Fill In M\u00f6nchengladbach (MIFI)<\/p>\n\n\n\n<p>Unterrichtung \u00a734a der Gewerbeordnung, zertifizierte Aufsicht f\u00fchrende Person auf Veranstaltungen, Licht- Und Tontechnik<\/p>\n\n\n\n<p><\/p>\n\n\n\n<p><\/p>\n\n\n\n<p><\/p>\n","protected":false},"excerpt":{"rendered":"<p>2015 &#8211; 2026 WWS Strube GmbH Dienstleistung in Kultureinrichtungen 2022 &#8211; 2025 Sprecher Sparte Musik BIS Zentrum f\u00fcr offene Kulturarbeit e.V. 2014 &#8211; 2026 Veranstaltungsbetreuung BIS Zentrum f\u00fcr offene Kulturarbeit [&hellip;]<\/p>\n","protected":false},"author":1,"featured_media":0,"parent":0,"menu_order":0,"comment_status":"closed","ping_status":"closed","template":"","meta":{"footnotes":""},"class_list":["post-11","page","type-page","status-publish","hentry"],"_links":{"self":[{"href":"https:\/\/sombert.de\/index.php?rest_route=\/wp\/v2\/pages\/11","targetHints":{"allow":["GET"]}}],"collection":[{"href":"https:\/\/sombert.de\/index.php?rest_route=\/wp\/v2\/pages"}],"about":[{"href":"https:\/\/sombert.de\/index.php?rest_route=\/wp\/v2\/types\/page"}],"author":[{"embeddable":true,"href":"https:\/\/sombert.de\/index.php?rest_route=\/wp\/v2\/users\/1"}],"replies":[{"embeddable":true,"href":"https:\/\/sombert.de\/index.php?rest_route=%2Fwp%2Fv2%2Fcomments&post=11"}],"version-history":[{"count":5,"href":"https:\/\/sombert.de\/index.php?rest_route=\/wp\/v2\/pages\/11\/revisions"}],"predecessor-version":[{"id":63,"href":"https:\/\/sombert.de\/index.php?rest_route=\/wp\/v2\/pages\/11\/revisions\/63"}],"wp:attachment":[{"href":"https:\/\/sombert.de\/index.php?rest_route=%2Fwp%2Fv2%2Fmedia&parent=11"}],"curies":[{"name":"wp","href":"https:\/\/api.w.org\/{rel}","templated":true}]}}